{"id":621,"date":"2023-04-27T09:44:41","date_gmt":"2023-04-27T07:44:41","guid":{"rendered":"https:\/\/praxis-mariatrost.at\/?page_id=621"},"modified":"2026-01-07T14:43:30","modified_gmt":"2026-01-07T13:43:30","slug":"lehrpraxis","status":"publish","type":"page","link":"https:\/\/praxis-mariatrost.at\/index.php\/lehrpraxis\/","title":{"rendered":"Lehrpraxis"},"content":{"rendered":"<p>&nbsp;<\/p>\n<p>U<a href=\"https:\/\/praxis-mariatrost.at\/wp-content\/uploads\/2023\/04\/Lehrordination-eng.png\"><img decoding=\"async\" loading=\"lazy\" class=\"alignleft wp-image-631\" src=\"https:\/\/praxis-mariatrost.at\/wp-content\/uploads\/2023\/04\/Lehrordination-eng-300x194.png\" alt=\"\" width=\"351\" height=\"227\" srcset=\"https:\/\/praxis-mariatrost.at\/wp-content\/uploads\/2023\/04\/Lehrordination-eng-300x194.png 300w, https:\/\/praxis-mariatrost.at\/wp-content\/uploads\/2023\/04\/Lehrordination-eng-768x496.png 768w, https:\/\/praxis-mariatrost.at\/wp-content\/uploads\/2023\/04\/Lehrordination-eng.png 953w\" sizes=\"(max-width: 351px) 100vw, 351px\" \/><\/a>nsere Praxis ist spezialisiert auf die Ausbildung junger Mediziner und bietet ein umfangreiches Ausbildungsprogramm an, das es den \u00c4rzten erm\u00f6glicht, wertvolle Praxiserfahrung zu sammeln.&nbsp;<\/p>\n<p>&nbsp;<\/p>\n<p>&nbsp;<\/p>\n<p>&nbsp;<\/p>\n<p><a href=\"https:\/\/praxis-mariatrost.at\/wp-content\/uploads\/2026\/01\/PHOTO-2026-01-07-13-36-07.jpg\"><img decoding=\"async\" loading=\"lazy\" class=\"size-medium wp-image-813 alignleft\" src=\"https:\/\/praxis-mariatrost.at\/wp-content\/uploads\/2026\/01\/PHOTO-2026-01-07-13-36-07-225x300.jpg\" alt=\"\" width=\"225\" height=\"300\" srcset=\"https:\/\/praxis-mariatrost.at\/wp-content\/uploads\/2026\/01\/PHOTO-2026-01-07-13-36-07-225x300.jpg 225w, https:\/\/praxis-mariatrost.at\/wp-content\/uploads\/2026\/01\/PHOTO-2026-01-07-13-36-07-768x1024.jpg 768w, https:\/\/praxis-mariatrost.at\/wp-content\/uploads\/2026\/01\/PHOTO-2026-01-07-13-36-07-1152x1536.jpg 1152w, https:\/\/praxis-mariatrost.at\/wp-content\/uploads\/2026\/01\/PHOTO-2026-01-07-13-36-07.jpg 1200w\" sizes=\"(max-width: 225px) 100vw, 225px\" \/><\/a><\/p>\n<p>Von 1. J\u00e4nner bis 30. September ist Dr. Simon Lindenbeck bei uns.<br \/>\nEr befindet sich am Ende seiner dreij\u00e4hrigen Ausbildung und m\u00f6chte danach selbst in die Niederlassung gehen.<\/p>\n","protected":false},"excerpt":{"rendered":"<p>&nbsp; Unsere Praxis ist spezialisiert auf die Ausbildung junger Mediziner und bietet ein umfangreiches Ausbildungsprogramm an, das es den \u00c4rzten erm\u00f6glicht, wertvolle Praxiserfahrung zu sammeln.&nbsp; &nbsp; &nbsp; &nbsp; Von 1. J\u00e4nner bis 30. September ist Dr. Simon Lindenbeck bei uns.&hellip;<\/p>\n","protected":false},"author":1,"featured_media":0,"parent":0,"menu_order":0,"comment_status":"closed","ping_status":"closed","template":"","meta":{"ngg_post_thumbnail":0},"_links":{"self":[{"href":"https:\/\/praxis-mariatrost.at\/index.php\/wp-json\/wp\/v2\/pages\/621"}],"collection":[{"href":"https:\/\/praxis-mariatrost.at\/index.php\/wp-json\/wp\/v2\/pages"}],"about":[{"href":"https:\/\/praxis-mariatrost.at\/index.php\/wp-json\/wp\/v2\/types\/page"}],"author":[{"embeddable":true,"href":"https:\/\/praxis-mariatrost.at\/index.php\/wp-json\/wp\/v2\/users\/1"}],"replies":[{"embeddable":true,"href":"https:\/\/praxis-mariatrost.at\/index.php\/wp-json\/wp\/v2\/comments?post=621"}],"version-history":[{"count":38,"href":"https:\/\/praxis-mariatrost.at\/index.php\/wp-json\/wp\/v2\/pages\/621\/revisions"}],"predecessor-version":[{"id":814,"href":"https:\/\/praxis-mariatrost.at\/index.php\/wp-json\/wp\/v2\/pages\/621\/revisions\/814"}],"wp:attachment":[{"href":"https:\/\/praxis-mariatrost.at\/index.php\/wp-json\/wp\/v2\/media?parent=621"}],"curies":[{"name":"wp","href":"https:\/\/api.w.org\/{rel}","templated":true}]}}