{"id":365,"date":"2018-06-21T17:03:05","date_gmt":"2018-06-21T15:03:05","guid":{"rendered":"http:\/\/praxis-mariatrost.at\/?page_id=365"},"modified":"2021-02-08T16:16:26","modified_gmt":"2021-02-08T15:16:26","slug":"datenschutz","status":"publish","type":"page","link":"https:\/\/praxis-mariatrost.at\/index.php\/datenschutz\/","title":{"rendered":"Datenschutz"},"content":{"rendered":"<p><strong>Erkl\u00e4rung zur Informationspflicht<\/strong><\/p>\n<p>Der Schutz Ihrer pers\u00f6nlichen Daten ist uns ein besonderes Anliegen! Wir verarbeiten Ihre Daten daher ausschlie\u00dflich auf Grundlage der gesetzlichen Bestimmungen (DSGVO, TKG 2003). In diesen Datenschutzinformationen informieren wir Sie \u00fcber die wichtigsten Aspekte der Datenverarbeitung im Rahmen unserer Website.<\/p>\n<p><strong>Kontakt mit uns<\/strong><\/p>\n<p>Wenn Sie per Formular auf der Website oder per E-Mail Kontakt mit uns aufnehmen, werden Ihre angegebenen Daten (z.B. Name, Adresse, E-Mail-Adresse, Telefonnummer) zwecks Bearbeitung der Anfrage und f\u00fcr den Fall von Anschlussfragen bei uns gespeichert. Diese Daten geben wir nicht ohne Ihre Einwilligung weiter.<\/p>\n<p><strong>Cookies<\/strong><\/p>\n<p>Unsere Website verwendet so genannte Cookies. Dabei handelt es sich um kleine Textdateien, die mit Hilfe des Browsers auf Ihrem Endger\u00e4t abgelegt werden. Sie richten keinen Schaden an. Wir nutzen Cookies dazu, unser Angebot nutzerfreundlich zu gestalten. Einige Cookies bleiben auf Ihrem Endger\u00e4t gespeichert, bis Sie diese l\u00f6schen. Sie erm\u00f6glichen es uns, Ihren Browser beim n\u00e4chsten Besuch wiederzuerkennen. Wenn Sie dies nicht w\u00fcnschen, so k\u00f6nnen Sie Ihren Browser so einrichten, dass er Sie \u00fcber das Setzen von Cookies informiert und Sie dies nur im Einzelfall erlauben. Bei der Deaktivierung von Cookies kann die Funktionalit\u00e4t unserer Website eingeschr\u00e4nkt sein.<\/p>\n<p><strong>Web-Analyse<\/strong><\/p>\n<p>Unser Webseiten-Provider erhebt und speichert Informationen, die Ihr Browser automatisch \u00fcbermittelt, in sogenannte Server-Log Files. Diese Informationen sind IP-Adresse, Browsertyp\/Browserversion, verwendetes Betriebssystem, Referrer URL, Hostname des zugreifenden Rechners, Uhrzeit der Serveranfrage. Diese Daten sind nicht bestimmten Personen zuordenbar. Eine Zusammenf\u00fchrung dieser Daten mit anderen Datenquellen wird nicht vorgenommen. Die IP-Adresse wird nur zum Zweck einer etwaigen Fehleranalyse in Access- und Error-Logs tempor\u00e4r gespeichert. Wir behalten uns vor, die angef\u00fchrten Daten nachtr\u00e4glich zu pr\u00fcfen, wenn uns konkrete Anhaltspunkte f\u00fcr eine rechtswidrige Nutzung bekannt werden.<\/p>\n<p><strong>Google Maps<\/strong><\/p>\n<p>Wir verwenden die Landkarten des Dienstes \u201eGoogle Maps\u201d des Anbieters Google LLC, 1600 Amphitheatre Parkway, Mountain View, CA 94043, USA.&nbsp;Datenschutzerkl\u00e4rung auf&nbsp;<a href=\"https:\/\/www.google.com\/policies\/privacy\/\">https:\/\/www.google.com\/policies\/privacy\/<\/a>, Opt-Out auf&nbsp;<a href=\"https:\/\/adssettings.google.com\/authenticated\">https:\/\/adssettings.google.com\/authenticated<\/a>.<\/p>\n<p><strong>Ihre Rechte<\/strong><\/p>\n<p>Ihnen stehen grunds\u00e4tzlich die Rechte auf Auskunft, Berichtigung, L\u00f6schung, Einschr\u00e4nkung, Daten\u00fcbertragbarkeit, Widerruf und Widerspruch zu. Wenn Sie glauben, dass die Verarbeitung Ihrer Daten gegen das Datenschutzrecht verst\u00f6\u00dft oder Ihre datenschutzrechtlichen Anspr\u00fcche sonst in einer Weise verletzt worden sind, k\u00f6nnen Sie sich bei der Aufsichtsbeh\u00f6rde beschweren. In \u00d6sterreich ist dies die Datenschutzbeh\u00f6rde.<\/p>\n<p><strong>Haftungsausschluss<\/strong><\/p>\n<p>Diese Webseite enth\u00e4lt Links zu anderen Webseiten oder Social Media Seiten. Wenn Sie auf einen solchen Link klicken, der zu Webseiten von Dritten f\u00fchrt, ist zu beachten, dass diese Webseiten eigene Datenschutzbestimmungen haben. Bitte \u00fcberpr\u00fcfen Sie die Datenschutzbestimmungen bei Verwendung dieser Webseiten, da wir keine wie immer geartete Verantwortung oder Haftung f\u00fcr Webseiten von Dritten \u00fcbernehmen.<\/p>\n<p><strong>Sie erreichen uns unter folgenden Kontaktdaten<\/strong><\/p>\n<p>Wenn Sie Fragen, Anmerkungen oder sonstige Anfragen bez\u00fcglich unserer Datenschutzrichtlinie haben, kontaktieren Sie uns an dieser Adresse.<\/p>\n<p>Dr. Silvia Dergham-Lorenzoni<br \/>\nMariatroster Stra\u00dfe 200,&nbsp;8044 Graz,&nbsp;\u00d6sterreich<br \/>\nTel. +43 316 \/ 39 34 00<br \/>\nFax +43 316 \/ 39 34 00 34<br \/>\nE-Mail <a href=\"mailto:ordination@praxis-mariatrost.at\">ordination@praxis-mariatrost.at<\/a><\/p>\n","protected":false},"excerpt":{"rendered":"<p>Erkl\u00e4rung zur Informationspflicht Der Schutz Ihrer pers\u00f6nlichen Daten ist uns ein besonderes Anliegen! Wir verarbeiten Ihre Daten daher ausschlie\u00dflich auf Grundlage der gesetzlichen Bestimmungen (DSGVO, TKG 2003). In diesen Datenschutzinformationen informieren wir Sie \u00fcber die wichtigsten Aspekte der Datenverarbeitung im&hellip;<\/p>\n","protected":false},"author":1,"featured_media":0,"parent":0,"menu_order":0,"comment_status":"closed","ping_status":"closed","template":"","meta":{"ngg_post_thumbnail":0},"_links":{"self":[{"href":"https:\/\/praxis-mariatrost.at\/index.php\/wp-json\/wp\/v2\/pages\/365"}],"collection":[{"href":"https:\/\/praxis-mariatrost.at\/index.php\/wp-json\/wp\/v2\/pages"}],"about":[{"href":"https:\/\/praxis-mariatrost.at\/index.php\/wp-json\/wp\/v2\/types\/page"}],"author":[{"embeddable":true,"href":"https:\/\/praxis-mariatrost.at\/index.php\/wp-json\/wp\/v2\/users\/1"}],"replies":[{"embeddable":true,"href":"https:\/\/praxis-mariatrost.at\/index.php\/wp-json\/wp\/v2\/comments?post=365"}],"version-history":[{"count":5,"href":"https:\/\/praxis-mariatrost.at\/index.php\/wp-json\/wp\/v2\/pages\/365\/revisions"}],"predecessor-version":[{"id":456,"href":"https:\/\/praxis-mariatrost.at\/index.php\/wp-json\/wp\/v2\/pages\/365\/revisions\/456"}],"wp:attachment":[{"href":"https:\/\/praxis-mariatrost.at\/index.php\/wp-json\/wp\/v2\/media?parent=365"}],"curies":[{"name":"wp","href":"https:\/\/api.w.org\/{rel}","templated":true}]}}