{"id":28,"date":"2015-09-04T11:27:43","date_gmt":"2015-09-04T09:27:43","guid":{"rendered":"http:\/\/praxis-mariatrost.at\/wordpress\/?page_id=28"},"modified":"2024-05-22T16:13:08","modified_gmt":"2024-05-22T14:13:08","slug":"impressum","status":"publish","type":"page","link":"https:\/\/praxis-mariatrost.at\/index.php\/impressum\/","title":{"rendered":"Impressum"},"content":{"rendered":"<p>Information gem\u00e4\u00df \u00a7 5 E-Commerce-Gesetz und Offenlegung gem\u00e4\u00df \u00a7 25 Mediengesetz.<\/p>\n<p>Dienstanbieter und Medieninhaber:<\/p>\n<p><strong>Dr. Silvia Dergham-Lorenzoni<\/strong><br \/>\nMariatroster Stra\u00dfe 200<br \/>\n8044 Graz<br \/>\n\u00d6sterreich<\/p>\n<p>Tel. +43 316 \/ 39 34 00<br \/>\nFax +43 316 \/ 39 34 00 34<br \/>\nE-Mail <a href=\"mailto:ordination@praxis-mariatrost.at\">ordination@praxis-mariatrost.at<\/a><br \/>\nHomepage <a href=\"http:\/\/www.praxis-mariatrost.at\">www.praxis-mariatrost.at<\/a><\/p>\n<p>Mitglied der \u00c4rztekammer f\u00fcr Steiermark<br \/>\nBerufsbezeichnung: \u00c4rztin f\u00fcr Allgemeinmedizin\u00a0(verliehen in \u00d6sterreich)<br \/>\nT\u00e4tigkeit unterliegt dem \u00c4rztegesetz 1998 (siehe <a href=\"http:\/\/www.ris.bka.gv.at\/bundesrecht\" target=\"_blank\" rel=\"noopener\">www.ris.bka.gv.at\/bundesrecht<\/a>)<\/p>\n<p><strong>Haftungshinweis:<\/strong> Trotz sorgf\u00e4ltiger inhaltlicher Kontrolle \u00fcbernehmen wir keine Haftung f\u00fcr die Inhalte externer Links. F\u00fcr den Inhalt der verlinkten Seiten sind ausschlie\u00dflich deren Betreiber verantwortlich.<\/p>\n<h4>Website Erstellung<\/h4>\n<p><a href=\"https:\/\/www.kutschera.co.at\">Kutschera Datentechnik GmbH<\/a><br \/>Fischeraustra\u00dfe 13\/5<br \/>8051 Graz-G\u00f6sting<br \/>\u00d6sterreich<\/p>\n<p><strong>Powered by \u00c4rztesoftware ganyMED<br \/>f\u00fcr Allgemeinmediziner<\/strong> <a href=\"https:\/\/www.ganymed.at\/anwendungsbereiche\/allgemeinmedizin\/\">www.ganymed.at<\/a><\/p>\n","protected":false},"excerpt":{"rendered":"<p>Information gem\u00e4\u00df \u00a7 5 E-Commerce-Gesetz und Offenlegung gem\u00e4\u00df \u00a7 25 Mediengesetz. Dienstanbieter und Medieninhaber: Dr. Silvia Dergham-Lorenzoni Mariatroster Stra\u00dfe 200 8044 Graz \u00d6sterreich Tel. +43 316 \/ 39 34 00 Fax +43 316 \/ 39 34 00 34 E-Mail ordination@praxis-mariatrost.at&hellip;<\/p>\n","protected":false},"author":1,"featured_media":0,"parent":0,"menu_order":0,"comment_status":"closed","ping_status":"open","template":"","meta":{"ngg_post_thumbnail":0},"_links":{"self":[{"href":"https:\/\/praxis-mariatrost.at\/index.php\/wp-json\/wp\/v2\/pages\/28"}],"collection":[{"href":"https:\/\/praxis-mariatrost.at\/index.php\/wp-json\/wp\/v2\/pages"}],"about":[{"href":"https:\/\/praxis-mariatrost.at\/index.php\/wp-json\/wp\/v2\/types\/page"}],"author":[{"embeddable":true,"href":"https:\/\/praxis-mariatrost.at\/index.php\/wp-json\/wp\/v2\/users\/1"}],"replies":[{"embeddable":true,"href":"https:\/\/praxis-mariatrost.at\/index.php\/wp-json\/wp\/v2\/comments?post=28"}],"version-history":[{"count":8,"href":"https:\/\/praxis-mariatrost.at\/index.php\/wp-json\/wp\/v2\/pages\/28\/revisions"}],"predecessor-version":[{"id":730,"href":"https:\/\/praxis-mariatrost.at\/index.php\/wp-json\/wp\/v2\/pages\/28\/revisions\/730"}],"wp:attachment":[{"href":"https:\/\/praxis-mariatrost.at\/index.php\/wp-json\/wp\/v2\/media?parent=28"}],"curies":[{"name":"wp","href":"https:\/\/api.w.org\/{rel}","templated":true}]}}