{"id":26,"date":"2015-09-04T11:27:29","date_gmt":"2015-09-04T09:27:29","guid":{"rendered":"http:\/\/praxis-mariatrost.at\/wordpress\/?page_id=26"},"modified":"2018-06-21T16:54:06","modified_gmt":"2018-06-21T14:54:06","slug":"kontakt","status":"publish","type":"page","link":"https:\/\/praxis-mariatrost.at\/index.php\/kontakt\/","title":{"rendered":"Kontakt"},"content":{"rendered":"<p><span style=\"color: #000000;\">Ordination Dr. Silvia Dergham-Lorenzoni<\/span><br \/>\n<span style=\"color: #000000;\"> \u00c4rztin f\u00fcr Allgemeinmedizin<\/span><\/p>\n<p><span style=\"color: #000000;\">Mariatrosterstra\u00dfe 200<\/span><br \/>\n<span style=\"color: #000000;\"> 8044 Graz<\/span><\/p>\n<p><span style=\"color: #000000;\">Tel.: 0316 \/ 39 34 00<\/span><br \/>\n<span style=\"color: #000000;\"> Fax: 0316 \/ 39 34 00 34<\/span><br \/>\n<span style=\"color: #000000;\"> E-Mail: <span style=\"color: #0000ff;\"><a style=\"color: #0000ff;\" href=\"mailto:ordination@praxis-mariatrost.at\">ordination@praxis-mariatrost.at<\/a><\/span><\/span><\/p>\n<p><iframe loading=\"lazy\" src=\"https:\/\/www.google.com\/maps\/embed?pb=!1m18!1m12!1m3!1d21726.333583592626!2d15.46400838062039!3d47.103154065873746!2m3!1f0!2f0!3f0!3m2!1i1024!2i768!4f13.1!3m3!1m2!1s0x476e49f582a23d3f%3A0x989ec26b3f6e6e6d!2sDr.+Silvia+Dergham+Lorenzoni!5e0!3m2!1sde!2sat!4v1529592821973\" width=\"600\" height=\"450\" frameborder=\"0\" style=\"border:0\" allowfullscreen><\/iframe><\/p>\n","protected":false},"excerpt":{"rendered":"<p>Ordination Dr. Silvia Dergham-Lorenzoni \u00c4rztin f\u00fcr Allgemeinmedizin Mariatrosterstra\u00dfe 200 8044 Graz Tel.: 0316 \/ 39 34 00 Fax: 0316 \/ 39 34 00 34 E-Mail: ordination@praxis-mariatrost.at<\/p>\n","protected":false},"author":1,"featured_media":0,"parent":0,"menu_order":0,"comment_status":"closed","ping_status":"open","template":"","meta":{"ngg_post_thumbnail":0},"_links":{"self":[{"href":"https:\/\/praxis-mariatrost.at\/index.php\/wp-json\/wp\/v2\/pages\/26"}],"collection":[{"href":"https:\/\/praxis-mariatrost.at\/index.php\/wp-json\/wp\/v2\/pages"}],"about":[{"href":"https:\/\/praxis-mariatrost.at\/index.php\/wp-json\/wp\/v2\/types\/page"}],"author":[{"embeddable":true,"href":"https:\/\/praxis-mariatrost.at\/index.php\/wp-json\/wp\/v2\/users\/1"}],"replies":[{"embeddable":true,"href":"https:\/\/praxis-mariatrost.at\/index.php\/wp-json\/wp\/v2\/comments?post=26"}],"version-history":[{"count":5,"href":"https:\/\/praxis-mariatrost.at\/index.php\/wp-json\/wp\/v2\/pages\/26\/revisions"}],"predecessor-version":[{"id":363,"href":"https:\/\/praxis-mariatrost.at\/index.php\/wp-json\/wp\/v2\/pages\/26\/revisions\/363"}],"wp:attachment":[{"href":"https:\/\/praxis-mariatrost.at\/index.php\/wp-json\/wp\/v2\/media?parent=26"}],"curies":[{"name":"wp","href":"https:\/\/api.w.org\/{rel}","templated":true}]}}