{"id":16,"date":"2015-09-04T11:26:18","date_gmt":"2015-09-04T09:26:18","guid":{"rendered":"http:\/\/praxis-mariatrost.at\/wordpress\/?page_id=16"},"modified":"2025-10-27T15:13:50","modified_gmt":"2025-10-27T14:13:50","slug":"team","status":"publish","type":"page","link":"https:\/\/praxis-mariatrost.at\/index.php\/team\/","title":{"rendered":"Team"},"content":{"rendered":"<p><a href=\"http:\/\/praxis-mariatrost.at\/wp-content\/uploads\/2015\/11\/Dergham-Lorenzoni-23.jpg\"><img decoding=\"async\" loading=\"lazy\" class=\"alignleft size-medium wp-image-247\" src=\"http:\/\/praxis-mariatrost.at\/wp-content\/uploads\/2015\/11\/Dergham-Lorenzoni-23-300x200.jpg\" alt=\"Dergham-Lorenzoni-23\" width=\"300\" height=\"200\" srcset=\"https:\/\/praxis-mariatrost.at\/wp-content\/uploads\/2015\/11\/Dergham-Lorenzoni-23-300x200.jpg 300w, https:\/\/praxis-mariatrost.at\/wp-content\/uploads\/2015\/11\/Dergham-Lorenzoni-23-1024x683.jpg 1024w, https:\/\/praxis-mariatrost.at\/wp-content\/uploads\/2015\/11\/Dergham-Lorenzoni-23.jpg 1200w\" sizes=\"(max-width: 300px) 100vw, 300px\" \/><\/a><\/p>\n<p>&nbsp;<\/p>\n<p>&nbsp;<\/p>\n<p>&nbsp;<\/p>\n<p>&nbsp;<\/p>\n<p><strong>Dr. Silvia Dergham-Lorenzoni<\/strong><\/p>\n<ul>\n<li>Schule und Studium in Graz<\/li>\n<li>1998 Promotion zum Doktor der gesamten Heilkunde in Graz<\/li>\n<li>1998 &#8211; 2004 Ausbildung zur \u00c4rztin f\u00fcr Allgemeinmedizin<\/li>\n<li>seit 2004 Wahlarztpraxis in Graz (Schillerstra\u00dfe 53)<\/li>\n<li>2006 &#8211; 2015 \u00c4rztin an der Abteilung f\u00fcr Innere Medizin im LKH-Weiz<\/li>\n<li>ab 2015 Kassenpraxis f\u00fcr Allgemeinmedizin in Graz (Mariatrosterstra\u00dfe 200)<\/li>\n<\/ul>\n<p>Zusatzausbildungen<\/p>\n<ul>\n<li>\u00d6\u00c4K Diplom Notarzt<\/li>\n<li>\u00d6\u00c4K Diplom Akupunktur<\/li>\n<li>\u00d6\u00c4K Diplom Fortbildung<\/li>\n<\/ul>\n<p>&nbsp;<\/p>\n<p><a href=\"http:\/\/praxis-mariatrost.at\/wp-content\/uploads\/2015\/09\/zsifkovits.jpg\"><img decoding=\"async\" loading=\"lazy\" class=\"alignleft wp-image-295\" src=\"http:\/\/praxis-mariatrost.at\/wp-content\/uploads\/2015\/09\/zsifkovits-225x300.jpg\" alt=\"zsifkovits\" width=\"135\" height=\"180\" srcset=\"https:\/\/praxis-mariatrost.at\/wp-content\/uploads\/2015\/09\/zsifkovits-225x300.jpg 225w, https:\/\/praxis-mariatrost.at\/wp-content\/uploads\/2015\/09\/zsifkovits-768x1024.jpg 768w\" sizes=\"(max-width: 135px) 100vw, 135px\" \/><\/a><\/p>\n<p><strong>Silvia Zsifkovits<br \/>\n<\/strong>Ordinationsassistentin<br \/>\nseit Oktober 2015&nbsp;<strong><br \/>\n<\/strong><\/p>\n<p>&nbsp;<\/p>\n<p>&nbsp;<\/p>\n<p>&nbsp;<\/p>\n<p><a href=\"https:\/\/praxis-mariatrost.at\/wp-content\/uploads\/2022\/05\/IMG_3842-Rici-scaled.jpg\"><img decoding=\"async\" loading=\"lazy\" class=\" wp-image-538 alignleft\" src=\"https:\/\/praxis-mariatrost.at\/wp-content\/uploads\/2022\/05\/IMG_3842-Rici-225x300.jpg\" alt=\"\" width=\"135\" height=\"180\" srcset=\"https:\/\/praxis-mariatrost.at\/wp-content\/uploads\/2022\/05\/IMG_3842-Rici-225x300.jpg 225w, https:\/\/praxis-mariatrost.at\/wp-content\/uploads\/2022\/05\/IMG_3842-Rici-768x1024.jpg 768w, https:\/\/praxis-mariatrost.at\/wp-content\/uploads\/2022\/05\/IMG_3842-Rici-1152x1536.jpg 1152w, https:\/\/praxis-mariatrost.at\/wp-content\/uploads\/2022\/05\/IMG_3842-Rici-1536x2048.jpg 1536w, https:\/\/praxis-mariatrost.at\/wp-content\/uploads\/2022\/05\/IMG_3842-Rici-scaled.jpg 1920w\" sizes=\"(max-width: 135px) 100vw, 135px\" \/><\/a><strong>Friederike Hofmann-Wellenhof&nbsp;<br \/>\n<\/strong>Ordinationsassistentin<br \/>\nseit M\u00e4rz 2022<\/p>\n<p>&nbsp;<\/p>\n<p>&nbsp;<\/p>\n<p>&nbsp;<\/p>\n<p><a href=\"https:\/\/praxis-mariatrost.at\/wp-content\/uploads\/2024\/01\/Bildschirmfoto-2024-01-09-um-15.26.14.png\"><img decoding=\"async\" loading=\"lazy\" class=\"alignleft wp-image-708\" src=\"https:\/\/praxis-mariatrost.at\/wp-content\/uploads\/2024\/01\/Bildschirmfoto-2024-01-09-um-15.26.14-196x300.png\" alt=\"\" width=\"137\" height=\"210\" srcset=\"https:\/\/praxis-mariatrost.at\/wp-content\/uploads\/2024\/01\/Bildschirmfoto-2024-01-09-um-15.26.14-196x300.png 196w, https:\/\/praxis-mariatrost.at\/wp-content\/uploads\/2024\/01\/Bildschirmfoto-2024-01-09-um-15.26.14.png 514w\" sizes=\"(max-width: 137px) 100vw, 137px\" \/><\/a><\/p>\n<p><strong>Nino Dergham<br \/>\n<\/strong>Ordinationsassistent<br \/>\nseit Oktober 2023<\/p>\n<p>&nbsp;<\/p>\n<p>&nbsp; &nbsp; &nbsp; &nbsp; &nbsp; &nbsp; &nbsp; &nbsp; &nbsp; &nbsp; &nbsp; &nbsp; &nbsp; &nbsp; &nbsp; &nbsp;&nbsp;<\/p>\n<p>&nbsp;<\/p>\n<p>&nbsp; &nbsp; &nbsp; &nbsp; &nbsp; &nbsp; &nbsp; &nbsp; &nbsp; &nbsp; &nbsp; &nbsp; &nbsp; &nbsp; &nbsp; &nbsp; &nbsp; &nbsp; &nbsp; &nbsp; &nbsp;<\/p>\n<p><strong>&nbsp; &nbsp; &nbsp; &nbsp; &nbsp; &nbsp; &nbsp; &nbsp; &nbsp; &nbsp; &nbsp; &nbsp; &nbsp; &nbsp; &nbsp; &nbsp; &nbsp; &nbsp; &nbsp; &nbsp; &nbsp; &nbsp;Ilvy Dergham<br \/>\n&nbsp; &nbsp; &nbsp; &nbsp; &nbsp; &nbsp; &nbsp; &nbsp; &nbsp; &nbsp; &nbsp; &nbsp; &nbsp; &nbsp; &nbsp; &nbsp; &nbsp; &nbsp; &nbsp; &nbsp; &nbsp; Ordinationsassistentin<\/strong><\/p>\n<p>&nbsp;<\/p>\n<p>&nbsp;<\/p>\n<p>&nbsp;<\/p>\n<p>&nbsp;<\/p>\n","protected":false},"excerpt":{"rendered":"<p>&nbsp; &nbsp; &nbsp; &nbsp; Dr. Silvia Dergham-Lorenzoni Schule und Studium in Graz 1998 Promotion zum Doktor der gesamten Heilkunde in Graz 1998 &#8211; 2004 Ausbildung zur \u00c4rztin f\u00fcr Allgemeinmedizin seit 2004 Wahlarztpraxis in Graz (Schillerstra\u00dfe 53) 2006 &#8211; 2015 \u00c4rztin&hellip;<\/p>\n","protected":false},"author":1,"featured_media":0,"parent":0,"menu_order":0,"comment_status":"closed","ping_status":"open","template":"","meta":{"ngg_post_thumbnail":0},"_links":{"self":[{"href":"https:\/\/praxis-mariatrost.at\/index.php\/wp-json\/wp\/v2\/pages\/16"}],"collection":[{"href":"https:\/\/praxis-mariatrost.at\/index.php\/wp-json\/wp\/v2\/pages"}],"about":[{"href":"https:\/\/praxis-mariatrost.at\/index.php\/wp-json\/wp\/v2\/types\/page"}],"author":[{"embeddable":true,"href":"https:\/\/praxis-mariatrost.at\/index.php\/wp-json\/wp\/v2\/users\/1"}],"replies":[{"embeddable":true,"href":"https:\/\/praxis-mariatrost.at\/index.php\/wp-json\/wp\/v2\/comments?post=16"}],"version-history":[{"count":22,"href":"https:\/\/praxis-mariatrost.at\/index.php\/wp-json\/wp\/v2\/pages\/16\/revisions"}],"predecessor-version":[{"id":807,"href":"https:\/\/praxis-mariatrost.at\/index.php\/wp-json\/wp\/v2\/pages\/16\/revisions\/807"}],"wp:attachment":[{"href":"https:\/\/praxis-mariatrost.at\/index.php\/wp-json\/wp\/v2\/media?parent=16"}],"curies":[{"name":"wp","href":"https:\/\/api.w.org\/{rel}","templated":true}]}}